{"id":1641,"date":"2023-12-02T23:02:06","date_gmt":"2023-12-02T23:02:06","guid":{"rendered":"https:\/\/faglaererkurser.dk\/?page_id=1641"},"modified":"2023-12-02T23:27:02","modified_gmt":"2023-12-02T23:27:02","slug":"kurser","status":"publish","type":"page","link":"https:\/\/faglaererkurser.dk\/index.php\/obligatorisk-efteruddannelse-til-faglaerere\/kurser\/","title":{"rendered":"Struktur"},"content":{"rendered":"\n<p><strong>Kursus 1:<\/strong><\/p>\n\n\n\n<p><strong><em>\u201dF\u00e5 struktur p\u00e5 din undervisning\u201d &#8211; 1 dag.<\/em><\/strong><\/p>\n\n\n\n<p><strong>Kurset henvender sig til fagl\u00e6rere der skal undervise p\u00e5 kvalifikationsuddannelsen eller som \u00f8nsker nyt om emnet.<\/strong><\/p>\n\n\n\n<ul class=\"wp-block-list\">\n<li>Gennemgang og analyse af m\u00e5l evt. efterfulgt af et indspark fra en fagkyndig.<\/li>\n\n\n\n<li>Strukturering af egen undervisning &#8211; i f\u00f8rste omgang, at f\u00e5 struktureret hovedm\u00e5lene.<\/li>\n\n\n\n<li>Hovedm\u00e5l opdeles de i underm\u00e5l.<\/li>\n\n\n\n<li>Taksonomi og pr\u00e6stationskrav.<\/li>\n\n\n\n<li>Slutresultatet: en skabelon\/ lektionsplan over hovedm\u00e5l og underm\u00e5l.<\/li>\n<\/ul>\n\n\n\n<p>Fagl\u00e6reren kan da, p\u00e5 egen skole, fordybe sig og klarg\u00f8re\/ f\u00e6rdigg\u00f8re sit eget indhold i forhold til den skabelonen\/ lektionsplan der er fremkommet p\u00e5 kurset eller deltage i kursus nr. 2 (Bekendtg\u00f8relser og lovgivning).<\/p>\n\n\n\n<p><strong>Kursus 2: <em>\u201dIndhold, bekendtg\u00f8relser og lovgivning\u201d &#8211; 1 dag.<\/em><\/strong><\/p>\n\n\n\n<p><strong>Kurset henvender sig til fagl\u00e6rere der skal undervise p\u00e5 kvalifikationsuddannelsen eller som \u00f8nsker nyt om emnet.<\/strong><\/p>\n\n\n\n<ul class=\"wp-block-list\">\n<li>Gennemgang af m\u00e5l evt. efterfulgt af et indspark fra en eller flere fagkyndige (evt. senere p\u00e5 dagen).<\/li>\n\n\n\n<li>Relevante bekendtg\u00f8relser og lovstof der er tilknyttet m\u00e5lene til det p\u00e5g\u00e6ldende emne.<\/li>\n\n\n\n<li>Slutresultatet er, at fagl\u00e6reren forlader kurset med en viden om indholdet til de bekendtg\u00f8relser og lovgivning der er p\u00e5 det p\u00e5g\u00e6ldende omr\u00e5de, henvisninger og links med reference til m\u00e5lene.<\/li>\n\n\n\n<li>Fagl\u00e6reren kan da, p\u00e5 egen skole, fordybe sig endnu mere og viderebygge\/ f\u00e6rdigg\u00f8re\/ tilpasse eget undervisningsforl\u00f8b.<\/li>\n<\/ul>\n\n\n\n<p><strong>Kursus 3:<\/strong> <strong><em>Erfaringsudveksling &#8211; 1 til 3 dage.<\/em><\/strong><\/p>\n\n\n\n<p>Afh\u00e6ngig af antallet af m\u00e5l. Kurset henvender sig til fagl\u00e6rere der underviser p\u00e5 kvalifikationsuddannelsen.<\/p>\n\n\n\n<ul class=\"wp-block-list\">\n<li>Gennemgang af m\u00e5l til det enkelte emne.<\/li>\n\n\n\n<li>Opl\u00e6g og udveksling af informationer.<\/li>\n\n\n\n<li>Slutresultatet er at fagl\u00e6reren forlader kurset med at reflektere over egen undervisning, og evt. tilrette sig ny viden.<\/li>\n<\/ul>\n","protected":false},"excerpt":{"rendered":"<p>Kursus 1: \u201dF\u00e5 struktur p\u00e5 din undervisning\u201d &#8211; 1 dag. Kurset henvender sig til fagl\u00e6rere der skal undervise p\u00e5 kvalifikationsuddannelsen eller som \u00f8nsker nyt om&hellip;<\/p>\n","protected":false},"author":1,"featured_media":0,"parent":14,"menu_order":2,"comment_status":"closed","ping_status":"closed","template":"","meta":{"footnotes":""},"class_list":["post-1641","page","type-page","status-publish","hentry"],"yoast_head":"<!-- This site is optimized with the Yoast SEO plugin v25.0 - https:\/\/yoast.com\/wordpress\/plugins\/seo\/ -->\n<title>Struktur - Fagl&aelig;rerkurser<\/title>\n<meta name=\"robots\" content=\"index, follow, max-snippet:-1, max-image-preview:large, max-video-preview:-1\" \/>\n<link rel=\"canonical\" href=\"https:\/\/faglaererkurser.dk\/index.php\/obligatorisk-efteruddannelse-til-faglaerere\/kurser\/\" \/>\n<meta property=\"og:locale\" content=\"da_DK\" \/>\n<meta property=\"og:type\" content=\"article\" \/>\n<meta property=\"og:title\" content=\"Struktur - Fagl&aelig;rerkurser\" \/>\n<meta property=\"og:description\" content=\"Kursus 1: \u201dF\u00e5 struktur p\u00e5 din undervisning\u201d &#8211; 1 dag. Kurset henvender sig til fagl\u00e6rere der skal undervise p\u00e5 kvalifikationsuddannelsen eller som \u00f8nsker nyt om&hellip;\" \/>\n<meta property=\"og:url\" content=\"https:\/\/faglaererkurser.dk\/index.php\/obligatorisk-efteruddannelse-til-faglaerere\/kurser\/\" \/>\n<meta property=\"og:site_name\" content=\"Fagl&aelig;rerkurser\" \/>\n<meta property=\"article:modified_time\" content=\"2023-12-02T23:27:02+00:00\" \/>\n<meta name=\"twitter:card\" content=\"summary_large_image\" \/>\n<meta name=\"twitter:label1\" content=\"Estimeret l\u00e6setid\" \/>\n\t<meta name=\"twitter:data1\" content=\"2 minutter\" \/>\n<script type=\"application\/ld+json\" class=\"yoast-schema-graph\">{\"@context\":\"https:\/\/schema.org\",\"@graph\":[{\"@type\":\"WebPage\",\"@id\":\"https:\/\/faglaererkurser.dk\/index.php\/obligatorisk-efteruddannelse-til-faglaerere\/kurser\/\",\"url\":\"https:\/\/faglaererkurser.dk\/index.php\/obligatorisk-efteruddannelse-til-faglaerere\/kurser\/\",\"name\":\"Struktur - Fagl&aelig;rerkurser\",\"isPartOf\":{\"@id\":\"https:\/\/faglaererkurser.dk\/#website\"},\"datePublished\":\"2023-12-02T23:02:06+00:00\",\"dateModified\":\"2023-12-02T23:27:02+00:00\",\"breadcrumb\":{\"@id\":\"https:\/\/faglaererkurser.dk\/index.php\/obligatorisk-efteruddannelse-til-faglaerere\/kurser\/#breadcrumb\"},\"inLanguage\":\"da-DK\",\"potentialAction\":[{\"@type\":\"ReadAction\",\"target\":[\"https:\/\/faglaererkurser.dk\/index.php\/obligatorisk-efteruddannelse-til-faglaerere\/kurser\/\"]}]},{\"@type\":\"BreadcrumbList\",\"@id\":\"https:\/\/faglaererkurser.dk\/index.php\/obligatorisk-efteruddannelse-til-faglaerere\/kurser\/#breadcrumb\",\"itemListElement\":[{\"@type\":\"ListItem\",\"position\":1,\"name\":\"Hjem\",\"item\":\"https:\/\/faglaererkurser.dk\/\"},{\"@type\":\"ListItem\",\"position\":2,\"name\":\"FAGL\u00c6RERKURSER &#8211; &#8220;Bland selv&#8221;\",\"item\":\"https:\/\/faglaererkurser.dk\/\"},{\"@type\":\"ListItem\",\"position\":3,\"name\":\"Struktur\"}]},{\"@type\":\"WebSite\",\"@id\":\"https:\/\/faglaererkurser.dk\/#website\",\"url\":\"https:\/\/faglaererkurser.dk\/\",\"name\":\"Fagl\u00e6rerkurser\",\"description\":\"Skelvej 27, 9900 Frederikshavn - Tlf.: 40 31 25 25\",\"publisher\":{\"@id\":\"https:\/\/faglaererkurser.dk\/#\/schema\/person\/88ce6e6c76774d2e8e17717feb0e053a\"},\"potentialAction\":[{\"@type\":\"SearchAction\",\"target\":{\"@type\":\"EntryPoint\",\"urlTemplate\":\"https:\/\/faglaererkurser.dk\/?s={search_term_string}\"},\"query-input\":{\"@type\":\"PropertyValueSpecification\",\"valueRequired\":true,\"valueName\":\"search_term_string\"}}],\"inLanguage\":\"da-DK\"},{\"@type\":[\"Person\",\"Organization\"],\"@id\":\"https:\/\/faglaererkurser.dk\/#\/schema\/person\/88ce6e6c76774d2e8e17717feb0e053a\",\"name\":\"Kim Bille\",\"image\":{\"@type\":\"ImageObject\",\"inLanguage\":\"da-DK\",\"@id\":\"https:\/\/faglaererkurser.dk\/#\/schema\/person\/image\/\",\"url\":\"https:\/\/faglaererkurser.dk\/wp-content\/uploads\/2022\/02\/cropped-cropped-smart-microchip-background-motherboard-closeup-technology-remix-2.jpg\",\"contentUrl\":\"https:\/\/faglaererkurser.dk\/wp-content\/uploads\/2022\/02\/cropped-cropped-smart-microchip-background-motherboard-closeup-technology-remix-2.jpg\",\"width\":512,\"height\":512,\"caption\":\"Kim Bille\"},\"logo\":{\"@id\":\"https:\/\/faglaererkurser.dk\/#\/schema\/person\/image\/\"},\"sameAs\":[\"https:\/\/faglaererkurser.dk\"]}]}<\/script>\n<!-- \/ Yoast SEO plugin. -->","yoast_head_json":{"title":"Struktur - Fagl&aelig;rerkurser","robots":{"index":"index","follow":"follow","max-snippet":"max-snippet:-1","max-image-preview":"max-image-preview:large","max-video-preview":"max-video-preview:-1"},"canonical":"https:\/\/faglaererkurser.dk\/index.php\/obligatorisk-efteruddannelse-til-faglaerere\/kurser\/","og_locale":"da_DK","og_type":"article","og_title":"Struktur - Fagl&aelig;rerkurser","og_description":"Kursus 1: \u201dF\u00e5 struktur p\u00e5 din undervisning\u201d &#8211; 1 dag. Kurset henvender sig til fagl\u00e6rere der skal undervise p\u00e5 kvalifikationsuddannelsen eller som \u00f8nsker nyt om&hellip;","og_url":"https:\/\/faglaererkurser.dk\/index.php\/obligatorisk-efteruddannelse-til-faglaerere\/kurser\/","og_site_name":"Fagl&aelig;rerkurser","article_modified_time":"2023-12-02T23:27:02+00:00","twitter_card":"summary_large_image","twitter_misc":{"Estimeret l\u00e6setid":"2 minutter"},"schema":{"@context":"https:\/\/schema.org","@graph":[{"@type":"WebPage","@id":"https:\/\/faglaererkurser.dk\/index.php\/obligatorisk-efteruddannelse-til-faglaerere\/kurser\/","url":"https:\/\/faglaererkurser.dk\/index.php\/obligatorisk-efteruddannelse-til-faglaerere\/kurser\/","name":"Struktur - Fagl&aelig;rerkurser","isPartOf":{"@id":"https:\/\/faglaererkurser.dk\/#website"},"datePublished":"2023-12-02T23:02:06+00:00","dateModified":"2023-12-02T23:27:02+00:00","breadcrumb":{"@id":"https:\/\/faglaererkurser.dk\/index.php\/obligatorisk-efteruddannelse-til-faglaerere\/kurser\/#breadcrumb"},"inLanguage":"da-DK","potentialAction":[{"@type":"ReadAction","target":["https:\/\/faglaererkurser.dk\/index.php\/obligatorisk-efteruddannelse-til-faglaerere\/kurser\/"]}]},{"@type":"BreadcrumbList","@id":"https:\/\/faglaererkurser.dk\/index.php\/obligatorisk-efteruddannelse-til-faglaerere\/kurser\/#breadcrumb","itemListElement":[{"@type":"ListItem","position":1,"name":"Hjem","item":"https:\/\/faglaererkurser.dk\/"},{"@type":"ListItem","position":2,"name":"FAGL\u00c6RERKURSER &#8211; &#8220;Bland selv&#8221;","item":"https:\/\/faglaererkurser.dk\/"},{"@type":"ListItem","position":3,"name":"Struktur"}]},{"@type":"WebSite","@id":"https:\/\/faglaererkurser.dk\/#website","url":"https:\/\/faglaererkurser.dk\/","name":"Fagl\u00e6rerkurser","description":"Skelvej 27, 9900 Frederikshavn - Tlf.: 40 31 25 25","publisher":{"@id":"https:\/\/faglaererkurser.dk\/#\/schema\/person\/88ce6e6c76774d2e8e17717feb0e053a"},"potentialAction":[{"@type":"SearchAction","target":{"@type":"EntryPoint","urlTemplate":"https:\/\/faglaererkurser.dk\/?s={search_term_string}"},"query-input":{"@type":"PropertyValueSpecification","valueRequired":true,"valueName":"search_term_string"}}],"inLanguage":"da-DK"},{"@type":["Person","Organization"],"@id":"https:\/\/faglaererkurser.dk\/#\/schema\/person\/88ce6e6c76774d2e8e17717feb0e053a","name":"Kim Bille","image":{"@type":"ImageObject","inLanguage":"da-DK","@id":"https:\/\/faglaererkurser.dk\/#\/schema\/person\/image\/","url":"https:\/\/faglaererkurser.dk\/wp-content\/uploads\/2022\/02\/cropped-cropped-smart-microchip-background-motherboard-closeup-technology-remix-2.jpg","contentUrl":"https:\/\/faglaererkurser.dk\/wp-content\/uploads\/2022\/02\/cropped-cropped-smart-microchip-background-motherboard-closeup-technology-remix-2.jpg","width":512,"height":512,"caption":"Kim Bille"},"logo":{"@id":"https:\/\/faglaererkurser.dk\/#\/schema\/person\/image\/"},"sameAs":["https:\/\/faglaererkurser.dk"]}]}},"_links":{"self":[{"href":"https:\/\/faglaererkurser.dk\/index.php\/wp-json\/wp\/v2\/pages\/1641","targetHints":{"allow":["GET"]}}],"collection":[{"href":"https:\/\/faglaererkurser.dk\/index.php\/wp-json\/wp\/v2\/pages"}],"about":[{"href":"https:\/\/faglaererkurser.dk\/index.php\/wp-json\/wp\/v2\/types\/page"}],"author":[{"embeddable":true,"href":"https:\/\/faglaererkurser.dk\/index.php\/wp-json\/wp\/v2\/users\/1"}],"replies":[{"embeddable":true,"href":"https:\/\/faglaererkurser.dk\/index.php\/wp-json\/wp\/v2\/comments?post=1641"}],"version-history":[{"count":4,"href":"https:\/\/faglaererkurser.dk\/index.php\/wp-json\/wp\/v2\/pages\/1641\/revisions"}],"predecessor-version":[{"id":1652,"href":"https:\/\/faglaererkurser.dk\/index.php\/wp-json\/wp\/v2\/pages\/1641\/revisions\/1652"}],"up":[{"embeddable":true,"href":"https:\/\/faglaererkurser.dk\/index.php\/wp-json\/wp\/v2\/pages\/14"}],"wp:attachment":[{"href":"https:\/\/faglaererkurser.dk\/index.php\/wp-json\/wp\/v2\/media?parent=1641"}],"curies":[{"name":"wp","href":"https:\/\/api.w.org\/{rel}","templated":true}]}}