{"id":1788,"date":"2025-04-03T17:36:25","date_gmt":"2025-04-03T17:36:25","guid":{"rendered":"https:\/\/faglaererkurser.dk\/?page_id=1788"},"modified":"2025-04-13T19:53:57","modified_gmt":"2025-04-13T19:53:57","slug":"link","status":"publish","type":"page","link":"https:\/\/faglaererkurser.dk\/index.php\/link\/","title":{"rendered":"Link"},"content":{"rendered":"\n<figure class=\"wp-block-table\"><table class=\"has-pale-cyan-blue-background-color has-background has-fixed-layout\"><tbody><tr><td><a href=\"https:\/\/www.brs.dk\/da\/virksomhed-institution\/transport-af-farligt-gods\/sikkerhedsradgiver\/\" target=\"_blank\" rel=\"noreferrer noopener\">Sikkerhedsr\u00e5dgivereksamen<\/a><\/td><\/tr><tr><td><a href=\"https:\/\/www.brs.dk\/da\/redningsberedskab-myndighed\/uddannelse\/uddannelser-og-kurser\/\" target=\"_blank\" rel=\"noreferrer noopener\">Beredskabsstyrelsen<\/a><\/td><\/tr><tr><td><a href=\"https:\/\/www.retsinformation.dk\/eli\/lta\/2023\/596\" target=\"_blank\" rel=\"noreferrer noopener\">Bekendtg\u00f8relse om vejtransport af farligt god<\/a><\/td><\/tr><tr><td><a href=\"https:\/\/www.retsinformation.dk\/eli\/lta\/2023\/1618\" target=\"_blank\" rel=\"noreferrer noopener\">Bekendtg\u00f8relse om sikkerhedsr\u00e5dgivere for vejtransport af farligt gods<\/a><\/td><\/tr><tr><td><a href=\"https:\/\/www.fstyr.dk\/love-og-regler\/konvention-om-international-transport-af-farligt-gods-ad-vej-adr-2023\" target=\"_blank\" rel=\"noreferrer noopener\"><a href=\"https:\/\/www.fstyr.dk\/love-og-regler\/konvention-om-international-transport-af-farligt-gods-ad-vej-adr-2023\" target=\"_blank\" rel=\"noreferrer noopener\">Konvention om international transport af farligt gods ad vej (adr) \u2013 2025<\/a><\/a><\/td><\/tr><tr><td><a href=\"https:\/\/faglaererkurser.dk\/wp-content\/uploads\/2025\/03\/bestemmelser-for-eksaminander-2024-.pdf\" target=\"_blank\" rel=\"noreferrer noopener\">Bestemmelser for eksaminander om eksamen for sikkerhedsr\u00e5dgivere<\/a><\/td><\/tr><\/tbody><\/table><\/figure>\n\n\n\n<h3 class=\"wp-block-heading\">Tilmelding til eksamen med MitID &#8211; <strong><a href=\"https:\/\/oauth.plan2learn.dk\/Account\/Login?returnUrl=%2Fconnect%2Fauthorize%2Fcallback%3Fclient_id%3Dfrontpage%26redirect_uri%3Dhttps%253A%252F%252Fbrs.plan2learn.dk%252Ffrontend-shell%252Fsignin-oidc%253FreturnUrl%253Dhttps%253A%252F%252Fbrs.plan2learn.dk%252F%253Fid%253D931aadd9-58f2-415d-8e8a-ac2f4a86b284%26response_type%3Did_token%2520token%26scope%3Dopenid%2520profile%2520legacy%2520api_oauth%2520api_courses%2520api_files%2520api_permissions%2520api_system%2520api_user_basket%2520wss_signalr%2520api_search%2520api_gallery%2520api_resources%2520api_classforum%2520api_notification%2520api_announcement%2520api_elearning%2520api_catalog_post%2520api_booking%2520api_guide%2520api_classmatrix%2520api_workflow%2520api_skills%2520api_catalog%2520api_frontpage%2520api_userdata%2520api_system_message%2520api_administrator_dashboard%2520api_learning_space%2520api_tag_manager%2520api_role_frontpages%2520api_task_event_log%2520api_limited_access%26response_mode%3Dform_post%26nonce%3D638793761172519582.ODBkNzg2ZmQtZTZlYy00NjQ1LWJkNDktNTNhZmNhNGQxN2MxYWZlOGY0MWYtMTlhYi00OWUwLTkyOTUtZGJlYWNlOGUwMjYz%26acr_values%3Dtenant%253A161%26state%3DCfDJ8NBR4JeajpFGgCbrCJxJ6k2c-vwOL6u3S9O1qx6MYzYHc3bkB6b7bH9gL9mLY8AQO5ETdBzjJ0XuL66boQuFdAWCrYc-FRyxAWn7J0oWejoqjDCM8azZUmqdbujMkP5Ak_BMvASWq6DaFsqtDI74Xagely6rSqmldcou2NbbazYw7mUhUUp-KleWgihiB6hN0bdbxmgw8vwfokpKY3sKPB43rmp1eir_jGYFGUC0u-jrhHbAOy1sdxYzjrSmp3R6ZO0c9qABmgIdLFnS8rFO8iazkZVcyLGMQBrmGX8q6RWYtpzVWtGDNzc5JKMuje7D9kDktHCSYITOnd09C5RXmNmnm6RsRH652tj_1_dEl8u-RC6rhWV70c6ZZ-MsdZwXRqF_-kLb8mUlQYp_peTPDQVkeBUMG4XMC6ptEonTvxtcO-Ishao6SAaZHQ1C2ZltOG1CHRdX1RNnCm19lQ9UNZ0ceHVHhU6p46UI3oluREcRn-i_LfN9Dm5y53E31sgyJFvxEUlmL7zyGGtvqQrJQwwWU4FQ2blUAYj7dD8rsbP-D0TFCjqHL6yL2MV_-cn8cg\" target=\"_blank\" rel=\"noreferrer noopener\">Plan2learn<\/a><\/strong><\/h3>\n","protected":false},"excerpt":{"rendered":"<p>Sikkerhedsr\u00e5dgivereksamen Beredskabsstyrelsen Bekendtg\u00f8relse om vejtransport af farligt god Bekendtg\u00f8relse om sikkerhedsr\u00e5dgivere for vejtransport af farligt gods Konvention om international transport af farligt gods ad vej&hellip;<\/p>\n","protected":false},"author":1,"featured_media":0,"parent":0,"menu_order":0,"comment_status":"closed","ping_status":"closed","template":"","meta":{"footnotes":""},"class_list":["post-1788","page","type-page","status-publish","hentry"],"yoast_head":"<!-- This site is optimized with the Yoast SEO plugin v25.0 - https:\/\/yoast.com\/wordpress\/plugins\/seo\/ -->\n<title>Link - Fagl&aelig;rerkurser<\/title>\n<meta name=\"robots\" content=\"index, follow, max-snippet:-1, max-image-preview:large, max-video-preview:-1\" \/>\n<link rel=\"canonical\" href=\"https:\/\/faglaererkurser.dk\/index.php\/link\/\" \/>\n<meta property=\"og:locale\" content=\"da_DK\" \/>\n<meta property=\"og:type\" content=\"article\" \/>\n<meta property=\"og:title\" content=\"Link - Fagl&aelig;rerkurser\" \/>\n<meta property=\"og:description\" content=\"Sikkerhedsr\u00e5dgivereksamen Beredskabsstyrelsen Bekendtg\u00f8relse om vejtransport af farligt god Bekendtg\u00f8relse om sikkerhedsr\u00e5dgivere for vejtransport af farligt gods Konvention om international transport af farligt gods ad vej&hellip;\" \/>\n<meta property=\"og:url\" content=\"https:\/\/faglaererkurser.dk\/index.php\/link\/\" \/>\n<meta property=\"og:site_name\" content=\"Fagl&aelig;rerkurser\" \/>\n<meta property=\"article:modified_time\" content=\"2025-04-13T19:53:57+00:00\" \/>\n<meta name=\"twitter:card\" content=\"summary_large_image\" \/>\n<meta name=\"twitter:label1\" content=\"Estimeret l\u00e6setid\" \/>\n\t<meta name=\"twitter:data1\" content=\"1 minut\" \/>\n<script type=\"application\/ld+json\" class=\"yoast-schema-graph\">{\"@context\":\"https:\/\/schema.org\",\"@graph\":[{\"@type\":\"WebPage\",\"@id\":\"https:\/\/faglaererkurser.dk\/index.php\/link\/\",\"url\":\"https:\/\/faglaererkurser.dk\/index.php\/link\/\",\"name\":\"Link - Fagl&aelig;rerkurser\",\"isPartOf\":{\"@id\":\"https:\/\/faglaererkurser.dk\/#website\"},\"datePublished\":\"2025-04-03T17:36:25+00:00\",\"dateModified\":\"2025-04-13T19:53:57+00:00\",\"breadcrumb\":{\"@id\":\"https:\/\/faglaererkurser.dk\/index.php\/link\/#breadcrumb\"},\"inLanguage\":\"da-DK\",\"potentialAction\":[{\"@type\":\"ReadAction\",\"target\":[\"https:\/\/faglaererkurser.dk\/index.php\/link\/\"]}]},{\"@type\":\"BreadcrumbList\",\"@id\":\"https:\/\/faglaererkurser.dk\/index.php\/link\/#breadcrumb\",\"itemListElement\":[{\"@type\":\"ListItem\",\"position\":1,\"name\":\"Hjem\",\"item\":\"https:\/\/faglaererkurser.dk\/\"},{\"@type\":\"ListItem\",\"position\":2,\"name\":\"Link\"}]},{\"@type\":\"WebSite\",\"@id\":\"https:\/\/faglaererkurser.dk\/#website\",\"url\":\"https:\/\/faglaererkurser.dk\/\",\"name\":\"Fagl\u00e6rerkurser\",\"description\":\"Skelvej 27, 9900 Frederikshavn - Tlf.: 40 31 25 25\",\"publisher\":{\"@id\":\"https:\/\/faglaererkurser.dk\/#\/schema\/person\/88ce6e6c76774d2e8e17717feb0e053a\"},\"potentialAction\":[{\"@type\":\"SearchAction\",\"target\":{\"@type\":\"EntryPoint\",\"urlTemplate\":\"https:\/\/faglaererkurser.dk\/?s={search_term_string}\"},\"query-input\":{\"@type\":\"PropertyValueSpecification\",\"valueRequired\":true,\"valueName\":\"search_term_string\"}}],\"inLanguage\":\"da-DK\"},{\"@type\":[\"Person\",\"Organization\"],\"@id\":\"https:\/\/faglaererkurser.dk\/#\/schema\/person\/88ce6e6c76774d2e8e17717feb0e053a\",\"name\":\"Kim Bille\",\"image\":{\"@type\":\"ImageObject\",\"inLanguage\":\"da-DK\",\"@id\":\"https:\/\/faglaererkurser.dk\/#\/schema\/person\/image\/\",\"url\":\"https:\/\/faglaererkurser.dk\/wp-content\/uploads\/2022\/02\/cropped-cropped-smart-microchip-background-motherboard-closeup-technology-remix-2.jpg\",\"contentUrl\":\"https:\/\/faglaererkurser.dk\/wp-content\/uploads\/2022\/02\/cropped-cropped-smart-microchip-background-motherboard-closeup-technology-remix-2.jpg\",\"width\":512,\"height\":512,\"caption\":\"Kim Bille\"},\"logo\":{\"@id\":\"https:\/\/faglaererkurser.dk\/#\/schema\/person\/image\/\"},\"sameAs\":[\"https:\/\/faglaererkurser.dk\"]}]}<\/script>\n<!-- \/ Yoast SEO plugin. -->","yoast_head_json":{"title":"Link - Fagl&aelig;rerkurser","robots":{"index":"index","follow":"follow","max-snippet":"max-snippet:-1","max-image-preview":"max-image-preview:large","max-video-preview":"max-video-preview:-1"},"canonical":"https:\/\/faglaererkurser.dk\/index.php\/link\/","og_locale":"da_DK","og_type":"article","og_title":"Link - Fagl&aelig;rerkurser","og_description":"Sikkerhedsr\u00e5dgivereksamen Beredskabsstyrelsen Bekendtg\u00f8relse om vejtransport af farligt god Bekendtg\u00f8relse om sikkerhedsr\u00e5dgivere for vejtransport af farligt gods Konvention om international transport af farligt gods ad vej&hellip;","og_url":"https:\/\/faglaererkurser.dk\/index.php\/link\/","og_site_name":"Fagl&aelig;rerkurser","article_modified_time":"2025-04-13T19:53:57+00:00","twitter_card":"summary_large_image","twitter_misc":{"Estimeret l\u00e6setid":"1 minut"},"schema":{"@context":"https:\/\/schema.org","@graph":[{"@type":"WebPage","@id":"https:\/\/faglaererkurser.dk\/index.php\/link\/","url":"https:\/\/faglaererkurser.dk\/index.php\/link\/","name":"Link - Fagl&aelig;rerkurser","isPartOf":{"@id":"https:\/\/faglaererkurser.dk\/#website"},"datePublished":"2025-04-03T17:36:25+00:00","dateModified":"2025-04-13T19:53:57+00:00","breadcrumb":{"@id":"https:\/\/faglaererkurser.dk\/index.php\/link\/#breadcrumb"},"inLanguage":"da-DK","potentialAction":[{"@type":"ReadAction","target":["https:\/\/faglaererkurser.dk\/index.php\/link\/"]}]},{"@type":"BreadcrumbList","@id":"https:\/\/faglaererkurser.dk\/index.php\/link\/#breadcrumb","itemListElement":[{"@type":"ListItem","position":1,"name":"Hjem","item":"https:\/\/faglaererkurser.dk\/"},{"@type":"ListItem","position":2,"name":"Link"}]},{"@type":"WebSite","@id":"https:\/\/faglaererkurser.dk\/#website","url":"https:\/\/faglaererkurser.dk\/","name":"Fagl\u00e6rerkurser","description":"Skelvej 27, 9900 Frederikshavn - Tlf.: 40 31 25 25","publisher":{"@id":"https:\/\/faglaererkurser.dk\/#\/schema\/person\/88ce6e6c76774d2e8e17717feb0e053a"},"potentialAction":[{"@type":"SearchAction","target":{"@type":"EntryPoint","urlTemplate":"https:\/\/faglaererkurser.dk\/?s={search_term_string}"},"query-input":{"@type":"PropertyValueSpecification","valueRequired":true,"valueName":"search_term_string"}}],"inLanguage":"da-DK"},{"@type":["Person","Organization"],"@id":"https:\/\/faglaererkurser.dk\/#\/schema\/person\/88ce6e6c76774d2e8e17717feb0e053a","name":"Kim Bille","image":{"@type":"ImageObject","inLanguage":"da-DK","@id":"https:\/\/faglaererkurser.dk\/#\/schema\/person\/image\/","url":"https:\/\/faglaererkurser.dk\/wp-content\/uploads\/2022\/02\/cropped-cropped-smart-microchip-background-motherboard-closeup-technology-remix-2.jpg","contentUrl":"https:\/\/faglaererkurser.dk\/wp-content\/uploads\/2022\/02\/cropped-cropped-smart-microchip-background-motherboard-closeup-technology-remix-2.jpg","width":512,"height":512,"caption":"Kim Bille"},"logo":{"@id":"https:\/\/faglaererkurser.dk\/#\/schema\/person\/image\/"},"sameAs":["https:\/\/faglaererkurser.dk"]}]}},"_links":{"self":[{"href":"https:\/\/faglaererkurser.dk\/index.php\/wp-json\/wp\/v2\/pages\/1788","targetHints":{"allow":["GET"]}}],"collection":[{"href":"https:\/\/faglaererkurser.dk\/index.php\/wp-json\/wp\/v2\/pages"}],"about":[{"href":"https:\/\/faglaererkurser.dk\/index.php\/wp-json\/wp\/v2\/types\/page"}],"author":[{"embeddable":true,"href":"https:\/\/faglaererkurser.dk\/index.php\/wp-json\/wp\/v2\/users\/1"}],"replies":[{"embeddable":true,"href":"https:\/\/faglaererkurser.dk\/index.php\/wp-json\/wp\/v2\/comments?post=1788"}],"version-history":[{"count":11,"href":"https:\/\/faglaererkurser.dk\/index.php\/wp-json\/wp\/v2\/pages\/1788\/revisions"}],"predecessor-version":[{"id":1945,"href":"https:\/\/faglaererkurser.dk\/index.php\/wp-json\/wp\/v2\/pages\/1788\/revisions\/1945"}],"wp:attachment":[{"href":"https:\/\/faglaererkurser.dk\/index.php\/wp-json\/wp\/v2\/media?parent=1788"}],"curies":[{"name":"wp","href":"https:\/\/api.w.org\/{rel}","templated":true}]}}