{"id":2002,"date":"2025-04-27T12:18:39","date_gmt":"2025-04-27T12:18:39","guid":{"rendered":"https:\/\/faglaererkurser.dk\/?page_id=2002"},"modified":"2025-04-27T17:27:13","modified_gmt":"2025-04-27T17:27:13","slug":"opbygning-af-struktur","status":"publish","type":"page","link":"https:\/\/faglaererkurser.dk\/index.php\/opbygning-af-struktur\/","title":{"rendered":"Opbygning af struktur"},"content":{"rendered":"\n<p><strong><em>\u201dF\u00e5 struktur p\u00e5 din undervisning\u201d \u2013 1 dag.<\/em><\/strong><\/p>\n\n\n\n<p><strong>Kurset henvender sig til fagl\u00e6rere der skal undervise p\u00e5 kvalifikationsuddannelsen eller som \u00f8nsker nyt om emnet.<\/strong><\/p>\n\n\n\n<ul class=\"wp-block-list\">\n<li>Gennemgang og analyse af m\u00e5l evt. efterfulgt af et indspark fra en fagkyndig.<\/li>\n\n\n\n<li>Strukturering af egen undervisning \u2013 i f\u00f8rste omgang, at f\u00e5 struktureret hovedm\u00e5lene.<\/li>\n\n\n\n<li>Hovedm\u00e5l opdeles de i underm\u00e5l.<\/li>\n\n\n\n<li>Taksonomi og pr\u00e6stationskrav.<\/li>\n\n\n\n<li>Slutresultatet: en skabelon\/ lektionsplan over hovedm\u00e5l og underm\u00e5l.<\/li>\n<\/ul>\n\n\n\n<p>Fagl\u00e6reren kan da, p\u00e5 egen skole, fordybe sig og klarg\u00f8re\/ f\u00e6rdigg\u00f8re sit eget indhold i forhold til den skabelonen\/ lektionsplan der er fremkommet p\u00e5 kurset eller deltage i kursus nr. 2 (Bekendtg\u00f8relser og lovgivning).<\/p>\n\n\n\n<p><strong>F\u00f8lgende m\u00e5l kan indg\u00e5 i uddannelsen<\/strong>:<\/p>\n\n\n\n<ul class=\"wp-block-list\">\n<li>1.1. M\u00e5l: at kende de karakteristiske egenskaber ved kraftoverf\u00f8ring for at kunne optimere brugen heraf<\/li>\n\n\n\n<li>1.2. M\u00e5l: at kende sikkerhedsanordningernes karakteristiske egenskaber og funktioner med henblik p\u00e5 at       beherske k\u00f8ret\u00f8jet, mindske slid og forebygge fejl.<\/li>\n\n\n\n<li>1.4 M\u00e5l: evne til at forudse, vurdere og tilpasse sig risici i trafikken<\/li>\n\n\n\n<li>1.5. M\u00e5l: at kunne st\u00e5 for lastning af et k\u00f8ret\u00f8j under overholdelse af sikkerhedsforskrifterne og den korrekte brug af k\u00f8ret\u00f8jet<\/li>\n\n\n\n<li>2.1. M\u00e5l: at kende vejtransportens sociale kontekst og reglerne<\/li>\n\n\n\n<li>2.2. M\u00e5l: at kende reglerne p\u00e5 godstransportomr\u00e5det<\/li>\n\n\n\n<li>3.1. M\u00e5l: at v\u00e6re opm\u00e6rksom p\u00e5 farer i trafikken og arbejdsulykker<\/li>\n\n\n\n<li>3.2. M\u00e5l: at kunne forebygge kriminalitet og menneskesmugling<\/li>\n\n\n\n<li>3.3. M\u00e5l: at kunne forebygge fysiske risici<\/li>\n\n\n\n<li>3.4. M\u00e5l: at v\u00e6re bevidst om betydningen af fysisk og psykisk egnethed<\/li>\n\n\n\n<li>3.6. M\u00e5l: at kunne tilpasse sin optr\u00e6den p\u00e5 en m\u00e5de, der bidrager til at h\u00f8jne en servicevirksomheds image<\/li>\n\n\n\n<li>3.7. M\u00e5l: at kende vejgodstransportens \u00f8konomiske kontekst og markedsorganisationen<\/li>\n<\/ul>\n\n\n\n<p><\/p>\n\n\n\n<p><\/p>\n","protected":false},"excerpt":{"rendered":"<p>\u201dF\u00e5 struktur p\u00e5 din undervisning\u201d \u2013 1 dag. Kurset henvender sig til fagl\u00e6rere der skal undervise p\u00e5 kvalifikationsuddannelsen eller som \u00f8nsker nyt om emnet. Fagl\u00e6reren&hellip;<\/p>\n","protected":false},"author":1,"featured_media":0,"parent":0,"menu_order":0,"comment_status":"closed","ping_status":"closed","template":"","meta":{"footnotes":""},"class_list":["post-2002","page","type-page","status-publish","hentry"],"yoast_head":"<!-- This site is optimized with the Yoast SEO plugin v25.0 - https:\/\/yoast.com\/wordpress\/plugins\/seo\/ -->\n<title>Opbygning af struktur - Fagl&aelig;rerkurser<\/title>\n<meta name=\"robots\" content=\"index, follow, max-snippet:-1, max-image-preview:large, max-video-preview:-1\" \/>\n<link rel=\"canonical\" href=\"https:\/\/faglaererkurser.dk\/index.php\/opbygning-af-struktur\/\" \/>\n<meta property=\"og:locale\" content=\"da_DK\" \/>\n<meta property=\"og:type\" content=\"article\" \/>\n<meta property=\"og:title\" content=\"Opbygning af struktur - Fagl&aelig;rerkurser\" \/>\n<meta property=\"og:description\" content=\"\u201dF\u00e5 struktur p\u00e5 din undervisning\u201d \u2013 1 dag. Kurset henvender sig til fagl\u00e6rere der skal undervise p\u00e5 kvalifikationsuddannelsen eller som \u00f8nsker nyt om emnet. Fagl\u00e6reren&hellip;\" \/>\n<meta property=\"og:url\" content=\"https:\/\/faglaererkurser.dk\/index.php\/opbygning-af-struktur\/\" \/>\n<meta property=\"og:site_name\" content=\"Fagl&aelig;rerkurser\" \/>\n<meta property=\"article:modified_time\" content=\"2025-04-27T17:27:13+00:00\" \/>\n<meta name=\"twitter:card\" content=\"summary_large_image\" \/>\n<meta name=\"twitter:label1\" content=\"Estimeret l\u00e6setid\" \/>\n\t<meta name=\"twitter:data1\" content=\"2 minutter\" \/>\n<script type=\"application\/ld+json\" class=\"yoast-schema-graph\">{\"@context\":\"https:\/\/schema.org\",\"@graph\":[{\"@type\":\"WebPage\",\"@id\":\"https:\/\/faglaererkurser.dk\/index.php\/opbygning-af-struktur\/\",\"url\":\"https:\/\/faglaererkurser.dk\/index.php\/opbygning-af-struktur\/\",\"name\":\"Opbygning af struktur - Fagl&aelig;rerkurser\",\"isPartOf\":{\"@id\":\"https:\/\/faglaererkurser.dk\/#website\"},\"datePublished\":\"2025-04-27T12:18:39+00:00\",\"dateModified\":\"2025-04-27T17:27:13+00:00\",\"breadcrumb\":{\"@id\":\"https:\/\/faglaererkurser.dk\/index.php\/opbygning-af-struktur\/#breadcrumb\"},\"inLanguage\":\"da-DK\",\"potentialAction\":[{\"@type\":\"ReadAction\",\"target\":[\"https:\/\/faglaererkurser.dk\/index.php\/opbygning-af-struktur\/\"]}]},{\"@type\":\"BreadcrumbList\",\"@id\":\"https:\/\/faglaererkurser.dk\/index.php\/opbygning-af-struktur\/#breadcrumb\",\"itemListElement\":[{\"@type\":\"ListItem\",\"position\":1,\"name\":\"Hjem\",\"item\":\"https:\/\/faglaererkurser.dk\/\"},{\"@type\":\"ListItem\",\"position\":2,\"name\":\"Opbygning af struktur\"}]},{\"@type\":\"WebSite\",\"@id\":\"https:\/\/faglaererkurser.dk\/#website\",\"url\":\"https:\/\/faglaererkurser.dk\/\",\"name\":\"Fagl\u00e6rerkurser\",\"description\":\"Skelvej 27, 9900 Frederikshavn - Tlf.: 40 31 25 25\",\"publisher\":{\"@id\":\"https:\/\/faglaererkurser.dk\/#\/schema\/person\/88ce6e6c76774d2e8e17717feb0e053a\"},\"potentialAction\":[{\"@type\":\"SearchAction\",\"target\":{\"@type\":\"EntryPoint\",\"urlTemplate\":\"https:\/\/faglaererkurser.dk\/?s={search_term_string}\"},\"query-input\":{\"@type\":\"PropertyValueSpecification\",\"valueRequired\":true,\"valueName\":\"search_term_string\"}}],\"inLanguage\":\"da-DK\"},{\"@type\":[\"Person\",\"Organization\"],\"@id\":\"https:\/\/faglaererkurser.dk\/#\/schema\/person\/88ce6e6c76774d2e8e17717feb0e053a\",\"name\":\"Kim Bille\",\"image\":{\"@type\":\"ImageObject\",\"inLanguage\":\"da-DK\",\"@id\":\"https:\/\/faglaererkurser.dk\/#\/schema\/person\/image\/\",\"url\":\"https:\/\/faglaererkurser.dk\/wp-content\/uploads\/2022\/02\/cropped-cropped-smart-microchip-background-motherboard-closeup-technology-remix-2.jpg\",\"contentUrl\":\"https:\/\/faglaererkurser.dk\/wp-content\/uploads\/2022\/02\/cropped-cropped-smart-microchip-background-motherboard-closeup-technology-remix-2.jpg\",\"width\":512,\"height\":512,\"caption\":\"Kim Bille\"},\"logo\":{\"@id\":\"https:\/\/faglaererkurser.dk\/#\/schema\/person\/image\/\"},\"sameAs\":[\"https:\/\/faglaererkurser.dk\"]}]}<\/script>\n<!-- \/ Yoast SEO plugin. -->","yoast_head_json":{"title":"Opbygning af struktur - Fagl&aelig;rerkurser","robots":{"index":"index","follow":"follow","max-snippet":"max-snippet:-1","max-image-preview":"max-image-preview:large","max-video-preview":"max-video-preview:-1"},"canonical":"https:\/\/faglaererkurser.dk\/index.php\/opbygning-af-struktur\/","og_locale":"da_DK","og_type":"article","og_title":"Opbygning af struktur - Fagl&aelig;rerkurser","og_description":"\u201dF\u00e5 struktur p\u00e5 din undervisning\u201d \u2013 1 dag. Kurset henvender sig til fagl\u00e6rere der skal undervise p\u00e5 kvalifikationsuddannelsen eller som \u00f8nsker nyt om emnet. Fagl\u00e6reren&hellip;","og_url":"https:\/\/faglaererkurser.dk\/index.php\/opbygning-af-struktur\/","og_site_name":"Fagl&aelig;rerkurser","article_modified_time":"2025-04-27T17:27:13+00:00","twitter_card":"summary_large_image","twitter_misc":{"Estimeret l\u00e6setid":"2 minutter"},"schema":{"@context":"https:\/\/schema.org","@graph":[{"@type":"WebPage","@id":"https:\/\/faglaererkurser.dk\/index.php\/opbygning-af-struktur\/","url":"https:\/\/faglaererkurser.dk\/index.php\/opbygning-af-struktur\/","name":"Opbygning af struktur - Fagl&aelig;rerkurser","isPartOf":{"@id":"https:\/\/faglaererkurser.dk\/#website"},"datePublished":"2025-04-27T12:18:39+00:00","dateModified":"2025-04-27T17:27:13+00:00","breadcrumb":{"@id":"https:\/\/faglaererkurser.dk\/index.php\/opbygning-af-struktur\/#breadcrumb"},"inLanguage":"da-DK","potentialAction":[{"@type":"ReadAction","target":["https:\/\/faglaererkurser.dk\/index.php\/opbygning-af-struktur\/"]}]},{"@type":"BreadcrumbList","@id":"https:\/\/faglaererkurser.dk\/index.php\/opbygning-af-struktur\/#breadcrumb","itemListElement":[{"@type":"ListItem","position":1,"name":"Hjem","item":"https:\/\/faglaererkurser.dk\/"},{"@type":"ListItem","position":2,"name":"Opbygning af struktur"}]},{"@type":"WebSite","@id":"https:\/\/faglaererkurser.dk\/#website","url":"https:\/\/faglaererkurser.dk\/","name":"Fagl\u00e6rerkurser","description":"Skelvej 27, 9900 Frederikshavn - Tlf.: 40 31 25 25","publisher":{"@id":"https:\/\/faglaererkurser.dk\/#\/schema\/person\/88ce6e6c76774d2e8e17717feb0e053a"},"potentialAction":[{"@type":"SearchAction","target":{"@type":"EntryPoint","urlTemplate":"https:\/\/faglaererkurser.dk\/?s={search_term_string}"},"query-input":{"@type":"PropertyValueSpecification","valueRequired":true,"valueName":"search_term_string"}}],"inLanguage":"da-DK"},{"@type":["Person","Organization"],"@id":"https:\/\/faglaererkurser.dk\/#\/schema\/person\/88ce6e6c76774d2e8e17717feb0e053a","name":"Kim Bille","image":{"@type":"ImageObject","inLanguage":"da-DK","@id":"https:\/\/faglaererkurser.dk\/#\/schema\/person\/image\/","url":"https:\/\/faglaererkurser.dk\/wp-content\/uploads\/2022\/02\/cropped-cropped-smart-microchip-background-motherboard-closeup-technology-remix-2.jpg","contentUrl":"https:\/\/faglaererkurser.dk\/wp-content\/uploads\/2022\/02\/cropped-cropped-smart-microchip-background-motherboard-closeup-technology-remix-2.jpg","width":512,"height":512,"caption":"Kim Bille"},"logo":{"@id":"https:\/\/faglaererkurser.dk\/#\/schema\/person\/image\/"},"sameAs":["https:\/\/faglaererkurser.dk"]}]}},"_links":{"self":[{"href":"https:\/\/faglaererkurser.dk\/index.php\/wp-json\/wp\/v2\/pages\/2002","targetHints":{"allow":["GET"]}}],"collection":[{"href":"https:\/\/faglaererkurser.dk\/index.php\/wp-json\/wp\/v2\/pages"}],"about":[{"href":"https:\/\/faglaererkurser.dk\/index.php\/wp-json\/wp\/v2\/types\/page"}],"author":[{"embeddable":true,"href":"https:\/\/faglaererkurser.dk\/index.php\/wp-json\/wp\/v2\/users\/1"}],"replies":[{"embeddable":true,"href":"https:\/\/faglaererkurser.dk\/index.php\/wp-json\/wp\/v2\/comments?post=2002"}],"version-history":[{"count":5,"href":"https:\/\/faglaererkurser.dk\/index.php\/wp-json\/wp\/v2\/pages\/2002\/revisions"}],"predecessor-version":[{"id":2301,"href":"https:\/\/faglaererkurser.dk\/index.php\/wp-json\/wp\/v2\/pages\/2002\/revisions\/2301"}],"wp:attachment":[{"href":"https:\/\/faglaererkurser.dk\/index.php\/wp-json\/wp\/v2\/media?parent=2002"}],"curies":[{"name":"wp","href":"https:\/\/api.w.org\/{rel}","templated":true}]}}