{"id":2263,"date":"2025-04-27T15:45:14","date_gmt":"2025-04-27T15:45:14","guid":{"rendered":"https:\/\/faglaererkurser.dk\/?page_id=2263"},"modified":"2025-04-27T15:45:14","modified_gmt":"2025-04-27T15:45:14","slug":"erfa","status":"publish","type":"page","link":"https:\/\/faglaererkurser.dk\/index.php\/erfa\/","title":{"rendered":"ERFA"},"content":{"rendered":"\n<p><strong>Kursus 3:<\/strong>&nbsp;<strong><em>Erfaringsudveksling \u2013 1 til 3 dage.<\/em><\/strong><\/p>\n\n\n\n<p>Afh\u00e6ngig af antallet af m\u00e5l. Kurset henvender sig til fagl\u00e6rere der underviser p\u00e5 kvalifikationsuddannelsen.<\/p>\n\n\n\n<ul class=\"wp-block-list\">\n<li>Orientering om arbejdsmilj\u00f8<\/li>\n\n\n\n<li>Orientering om bekendtg\u00f8relse og vejledninger dertil <\/li>\n\n\n\n<li>Gennemgang af m\u00e5l til det enkelte emne.<\/li>\n\n\n\n<li>Opl\u00e6g og udveksling af informationer.<\/li>\n\n\n\n<li>Slutresultatet er at fagl\u00e6reren forlader kurset med at reflektere over egen undervisning, og evt. tilrette sig ny viden.<\/li>\n<\/ul>\n\n\n\n<p><\/p>\n","protected":false},"excerpt":{"rendered":"<p>Kursus 3:&nbsp;Erfaringsudveksling \u2013 1 til 3 dage. Afh\u00e6ngig af antallet af m\u00e5l. Kurset henvender sig til fagl\u00e6rere der underviser p\u00e5 kvalifikationsuddannelsen.<\/p>\n","protected":false},"author":1,"featured_media":0,"parent":0,"menu_order":0,"comment_status":"closed","ping_status":"closed","template":"","meta":{"footnotes":""},"class_list":["post-2263","page","type-page","status-publish","hentry"],"yoast_head":"<!-- This site is optimized with the Yoast SEO plugin v25.0 - https:\/\/yoast.com\/wordpress\/plugins\/seo\/ -->\n<title>ERFA - Fagl&aelig;rerkurser<\/title>\n<meta name=\"robots\" content=\"index, follow, max-snippet:-1, max-image-preview:large, max-video-preview:-1\" \/>\n<link rel=\"canonical\" href=\"https:\/\/faglaererkurser.dk\/index.php\/erfa\/\" \/>\n<meta property=\"og:locale\" content=\"da_DK\" \/>\n<meta property=\"og:type\" content=\"article\" \/>\n<meta property=\"og:title\" content=\"ERFA - Fagl&aelig;rerkurser\" \/>\n<meta property=\"og:description\" content=\"Kursus 3:&nbsp;Erfaringsudveksling \u2013 1 til 3 dage. Afh\u00e6ngig af antallet af m\u00e5l. Kurset henvender sig til fagl\u00e6rere der underviser p\u00e5 kvalifikationsuddannelsen.\" \/>\n<meta property=\"og:url\" content=\"https:\/\/faglaererkurser.dk\/index.php\/erfa\/\" \/>\n<meta property=\"og:site_name\" content=\"Fagl&aelig;rerkurser\" \/>\n<meta name=\"twitter:card\" content=\"summary_large_image\" \/>\n<meta name=\"twitter:label1\" content=\"Estimeret l\u00e6setid\" \/>\n\t<meta name=\"twitter:data1\" content=\"1 minut\" \/>\n<script type=\"application\/ld+json\" class=\"yoast-schema-graph\">{\"@context\":\"https:\/\/schema.org\",\"@graph\":[{\"@type\":\"WebPage\",\"@id\":\"https:\/\/faglaererkurser.dk\/index.php\/erfa\/\",\"url\":\"https:\/\/faglaererkurser.dk\/index.php\/erfa\/\",\"name\":\"ERFA - Fagl&aelig;rerkurser\",\"isPartOf\":{\"@id\":\"https:\/\/faglaererkurser.dk\/#website\"},\"datePublished\":\"2025-04-27T15:45:14+00:00\",\"breadcrumb\":{\"@id\":\"https:\/\/faglaererkurser.dk\/index.php\/erfa\/#breadcrumb\"},\"inLanguage\":\"da-DK\",\"potentialAction\":[{\"@type\":\"ReadAction\",\"target\":[\"https:\/\/faglaererkurser.dk\/index.php\/erfa\/\"]}]},{\"@type\":\"BreadcrumbList\",\"@id\":\"https:\/\/faglaererkurser.dk\/index.php\/erfa\/#breadcrumb\",\"itemListElement\":[{\"@type\":\"ListItem\",\"position\":1,\"name\":\"Hjem\",\"item\":\"https:\/\/faglaererkurser.dk\/\"},{\"@type\":\"ListItem\",\"position\":2,\"name\":\"ERFA\"}]},{\"@type\":\"WebSite\",\"@id\":\"https:\/\/faglaererkurser.dk\/#website\",\"url\":\"https:\/\/faglaererkurser.dk\/\",\"name\":\"Fagl\u00e6rerkurser\",\"description\":\"Skelvej 27, 9900 Frederikshavn - Tlf.: 40 31 25 25\",\"publisher\":{\"@id\":\"https:\/\/faglaererkurser.dk\/#\/schema\/person\/88ce6e6c76774d2e8e17717feb0e053a\"},\"potentialAction\":[{\"@type\":\"SearchAction\",\"target\":{\"@type\":\"EntryPoint\",\"urlTemplate\":\"https:\/\/faglaererkurser.dk\/?s={search_term_string}\"},\"query-input\":{\"@type\":\"PropertyValueSpecification\",\"valueRequired\":true,\"valueName\":\"search_term_string\"}}],\"inLanguage\":\"da-DK\"},{\"@type\":[\"Person\",\"Organization\"],\"@id\":\"https:\/\/faglaererkurser.dk\/#\/schema\/person\/88ce6e6c76774d2e8e17717feb0e053a\",\"name\":\"Kim Bille\",\"image\":{\"@type\":\"ImageObject\",\"inLanguage\":\"da-DK\",\"@id\":\"https:\/\/faglaererkurser.dk\/#\/schema\/person\/image\/\",\"url\":\"https:\/\/faglaererkurser.dk\/wp-content\/uploads\/2022\/02\/cropped-cropped-smart-microchip-background-motherboard-closeup-technology-remix-2.jpg\",\"contentUrl\":\"https:\/\/faglaererkurser.dk\/wp-content\/uploads\/2022\/02\/cropped-cropped-smart-microchip-background-motherboard-closeup-technology-remix-2.jpg\",\"width\":512,\"height\":512,\"caption\":\"Kim Bille\"},\"logo\":{\"@id\":\"https:\/\/faglaererkurser.dk\/#\/schema\/person\/image\/\"},\"sameAs\":[\"https:\/\/faglaererkurser.dk\"]}]}<\/script>\n<!-- \/ Yoast SEO plugin. -->","yoast_head_json":{"title":"ERFA - Fagl&aelig;rerkurser","robots":{"index":"index","follow":"follow","max-snippet":"max-snippet:-1","max-image-preview":"max-image-preview:large","max-video-preview":"max-video-preview:-1"},"canonical":"https:\/\/faglaererkurser.dk\/index.php\/erfa\/","og_locale":"da_DK","og_type":"article","og_title":"ERFA - Fagl&aelig;rerkurser","og_description":"Kursus 3:&nbsp;Erfaringsudveksling \u2013 1 til 3 dage. Afh\u00e6ngig af antallet af m\u00e5l. Kurset henvender sig til fagl\u00e6rere der underviser p\u00e5 kvalifikationsuddannelsen.","og_url":"https:\/\/faglaererkurser.dk\/index.php\/erfa\/","og_site_name":"Fagl&aelig;rerkurser","twitter_card":"summary_large_image","twitter_misc":{"Estimeret l\u00e6setid":"1 minut"},"schema":{"@context":"https:\/\/schema.org","@graph":[{"@type":"WebPage","@id":"https:\/\/faglaererkurser.dk\/index.php\/erfa\/","url":"https:\/\/faglaererkurser.dk\/index.php\/erfa\/","name":"ERFA - Fagl&aelig;rerkurser","isPartOf":{"@id":"https:\/\/faglaererkurser.dk\/#website"},"datePublished":"2025-04-27T15:45:14+00:00","breadcrumb":{"@id":"https:\/\/faglaererkurser.dk\/index.php\/erfa\/#breadcrumb"},"inLanguage":"da-DK","potentialAction":[{"@type":"ReadAction","target":["https:\/\/faglaererkurser.dk\/index.php\/erfa\/"]}]},{"@type":"BreadcrumbList","@id":"https:\/\/faglaererkurser.dk\/index.php\/erfa\/#breadcrumb","itemListElement":[{"@type":"ListItem","position":1,"name":"Hjem","item":"https:\/\/faglaererkurser.dk\/"},{"@type":"ListItem","position":2,"name":"ERFA"}]},{"@type":"WebSite","@id":"https:\/\/faglaererkurser.dk\/#website","url":"https:\/\/faglaererkurser.dk\/","name":"Fagl\u00e6rerkurser","description":"Skelvej 27, 9900 Frederikshavn - Tlf.: 40 31 25 25","publisher":{"@id":"https:\/\/faglaererkurser.dk\/#\/schema\/person\/88ce6e6c76774d2e8e17717feb0e053a"},"potentialAction":[{"@type":"SearchAction","target":{"@type":"EntryPoint","urlTemplate":"https:\/\/faglaererkurser.dk\/?s={search_term_string}"},"query-input":{"@type":"PropertyValueSpecification","valueRequired":true,"valueName":"search_term_string"}}],"inLanguage":"da-DK"},{"@type":["Person","Organization"],"@id":"https:\/\/faglaererkurser.dk\/#\/schema\/person\/88ce6e6c76774d2e8e17717feb0e053a","name":"Kim Bille","image":{"@type":"ImageObject","inLanguage":"da-DK","@id":"https:\/\/faglaererkurser.dk\/#\/schema\/person\/image\/","url":"https:\/\/faglaererkurser.dk\/wp-content\/uploads\/2022\/02\/cropped-cropped-smart-microchip-background-motherboard-closeup-technology-remix-2.jpg","contentUrl":"https:\/\/faglaererkurser.dk\/wp-content\/uploads\/2022\/02\/cropped-cropped-smart-microchip-background-motherboard-closeup-technology-remix-2.jpg","width":512,"height":512,"caption":"Kim Bille"},"logo":{"@id":"https:\/\/faglaererkurser.dk\/#\/schema\/person\/image\/"},"sameAs":["https:\/\/faglaererkurser.dk"]}]}},"_links":{"self":[{"href":"https:\/\/faglaererkurser.dk\/index.php\/wp-json\/wp\/v2\/pages\/2263","targetHints":{"allow":["GET"]}}],"collection":[{"href":"https:\/\/faglaererkurser.dk\/index.php\/wp-json\/wp\/v2\/pages"}],"about":[{"href":"https:\/\/faglaererkurser.dk\/index.php\/wp-json\/wp\/v2\/types\/page"}],"author":[{"embeddable":true,"href":"https:\/\/faglaererkurser.dk\/index.php\/wp-json\/wp\/v2\/users\/1"}],"replies":[{"embeddable":true,"href":"https:\/\/faglaererkurser.dk\/index.php\/wp-json\/wp\/v2\/comments?post=2263"}],"version-history":[{"count":1,"href":"https:\/\/faglaererkurser.dk\/index.php\/wp-json\/wp\/v2\/pages\/2263\/revisions"}],"predecessor-version":[{"id":2264,"href":"https:\/\/faglaererkurser.dk\/index.php\/wp-json\/wp\/v2\/pages\/2263\/revisions\/2264"}],"wp:attachment":[{"href":"https:\/\/faglaererkurser.dk\/index.php\/wp-json\/wp\/v2\/media?parent=2263"}],"curies":[{"name":"wp","href":"https:\/\/api.w.org\/{rel}","templated":true}]}}